{"id":1721,"date":"2023-08-13T10:38:53","date_gmt":"2023-08-13T10:38:53","guid":{"rendered":"https:\/\/themeholy.com\/wordpress\/rasm\/?page_id=1721"},"modified":"2026-03-03T05:55:00","modified_gmt":"2026-03-03T05:55:00","slug":"services","status":"publish","type":"page","link":"https:\/\/viphadathaimassage.com\/?page_id=1721","title":{"rendered":"Aufschlag"},"content":{"rendered":"\t\t<div data-elementor-type=\"wp-page\" data-elementor-id=\"1721\" class=\"elementor elementor-1721\">\n\t\t\t\t\t\t<section class=\"elementor-section elementor-top-section elementor-element elementor-element-d35bc05 elementor-section-full_width elementor-section-height-default elementor-section-height-default\" data-id=\"d35bc05\" data-element_type=\"section\">\n\t\t\t\t\t\t<div class=\"elementor-container elementor-column-gap-no\">\n\t\t\t\t\t<div class=\"elementor-column elementor-col-100 elementor-top-column elementor-element elementor-element-e313c1b\" data-id=\"e313c1b\" data-element_type=\"column\">\n\t\t\t<div class=\"elementor-widget-wrap elementor-element-populated\">\n\t\t\t\t\t\t<div class=\"shape-mockup-area elementor-element elementor-element-b083274 elementor-widget elementor-widget-rasmshapeimage\" data-id=\"b083274\" data-element_type=\"widget\" data-widget_type=\"rasmshapeimage.default\">\n\t\t\t\t<div class=\"elementor-widget-container\">\n\t\t\t<!-- Image --><div class=\"shape-mockup jump d-lg-block d-none Classical\" data-top=\"5%\" data-right=\"0.001%\"><img decoding=\"async\" src=\"https:\/\/themeholy.com\/wordpress\/rasm\/wp-content\/uploads\/2023\/07\/leaves_7.png\" alt=\"Viphada Thaimassage\" ><\/div><!-- End Image -->\t\t<\/div>\n\t\t\t\t<\/div>\n\t\t\t\t<div class=\"shape-mockup-area elementor-element elementor-element-7c36fd7 elementor-widget elementor-widget-rasmshapeimage\" data-id=\"7c36fd7\" data-element_type=\"widget\" data-widget_type=\"rasmshapeimage.default\">\n\t\t\t\t<div class=\"elementor-widget-container\">\n\t\t\t<!-- Image --><div class=\"shape-mockup jump d-lg-block d-none Classical\" data-bottom=\"15%\" data-left=\"0.001%\"><img decoding=\"async\" src=\"https:\/\/themeholy.com\/wordpress\/rasm\/wp-content\/uploads\/2023\/07\/leaves_1.png\" alt=\"Viphada Thaimassage\" ><\/div><!-- End Image -->\t\t<\/div>\n\t\t\t\t<\/div>\n\t\t\t\t\t<\/div>\n\t\t<\/div>\n\t\t\t\t\t<\/div>\n\t\t<\/section>\n\t\t<div class=\"elementor-element elementor-element-66d68c6 e-flex e-con-boxed e-con e-parent\" data-id=\"66d68c6\" data-element_type=\"container\">\n\t\t\t\t\t<div class=\"e-con-inner\">\n\t\t\t\t\t<\/div>\n\t\t\t\t<\/div>\n\t\t<div class=\"elementor-element elementor-element-8cb7618 e-con-full e-flex e-con e-parent\" data-id=\"8cb7618\" data-element_type=\"container\">\n\t\t\t\t<div class=\"elementor-element elementor-element-bf2015b elementor-widget__width-initial elementor-widget elementor-widget-rasmservice\" data-id=\"bf2015b\" data-element_type=\"widget\" data-widget_type=\"rasmservice.default\">\n\t\t\t\t<div class=\"elementor-widget-container\">\n\t\t\t<div class=\"row gy-5\"><div class=\"col-md-6 col-lg-4 col-xl-3\"><div class=\"service-box\"><div class=\"service-box_icon\"><div class=\"global-icon\"><img decoding=\"async\" src=\"https:\/\/viphadathaimassage.com\/wp-content\/uploads\/2024\/07\/service_1_1.png\" alt=\"service_1_1\"  \/><\/div><\/div><h3 class=\"th-title box-title\"><a href=\"\">Nacken - und Schultermassage<\/a><\/h3><p class=\"service-box_text th-desc\">Es handelt sich um eine Massage zur Linderung von Verspannungen in Schultern, Nacken und Kopf.<\/p><\/div><div class=\"service-img\"><img decoding=\"async\" src=\"https:\/\/viphadathaimassage.com\/wp-content\/uploads\/2024\/07\/\u0e19\u0e32\u0e21\u0e1a\u0e31\u0e15\u0e23-VIPHADA-Thaimassage-Wellness-Edi1t-1-1.png\" alt=\"\u0e19\u0e32\u0e21\u0e1a\u0e31\u0e15\u0e23 VIPHADA Thaimassage Wellness Edi1t 1 1\"  \/><\/div><\/div><div class=\"col-md-6 col-lg-4 col-xl-3\"><div class=\"service-box\"><div class=\"service-box_icon\"><div class=\"global-icon\"><img decoding=\"async\" src=\"https:\/\/viphadathaimassage.com\/wp-content\/uploads\/2024\/07\/service_1_3.png\" alt=\"service_1_3\"  \/><\/div><\/div><h3 class=\"th-title box-title\"><a href=\"\">Kompressionsmassage<\/a><\/h3><p class=\"service-box_text th-desc\">Dabei werden mit den Fingern Bereiche des menschlichen\nK\u00f6rpers gedr\u00fcckt und massiert.\n<\/p><\/div><div class=\"service-img\"><img decoding=\"async\" src=\"https:\/\/viphadathaimassage.com\/wp-content\/uploads\/2024\/07\/Untitled-1.png\" alt=\"Untitled 1\"  \/><\/div><\/div><div class=\"col-md-6 col-lg-4 col-xl-3\"><div class=\"service-box\"><div class=\"service-box_icon\"><div class=\"global-icon\"><img decoding=\"async\" src=\"https:\/\/viphadathaimassage.com\/wp-content\/uploads\/2024\/07\/service_1_3.png\" alt=\"service_1_3\"  \/><\/div><\/div><h3 class=\"th-title box-title\"><a href=\"\">K\u00f6rpermassage<\/a><\/h3><p class=\"service-box_text th-desc\">Massieren Sie den gesamten K\u00f6rper von Kopf bis Fu\u00df.\nohne es konkret zu spezifizieren<\/p><\/div><div class=\"service-img\"><img decoding=\"async\" src=\"https:\/\/viphadathaimassage.com\/wp-content\/uploads\/2024\/07\/\u0e19\u0e32\u0e21\u0e1a\u0e31\u0e154.png\" alt=\"\u0e19\u0e32\u0e21\u0e1a\u0e31\u0e154\"  \/><\/div><\/div><div class=\"col-md-6 col-lg-4 col-xl-3\"><div class=\"service-box\"><div class=\"service-box_icon\"><div class=\"global-icon\"><img decoding=\"async\" src=\"https:\/\/viphadathaimassage.com\/wp-content\/uploads\/2024\/07\/service_1_2.png\" alt=\"service_1_2\"  \/><\/div><\/div><h3 class=\"th-title box-title\"><a href=\"\">\u00d6l Massage<\/a><\/h3><p class=\"service-box_text th-desc\">\u00d6l Massage Die Verwendung von \u00d6l hilft\n bei der Massage\nverschiedener K\u00f6rperteile.<\/p><\/div><div class=\"service-img\"><img decoding=\"async\" src=\"https:\/\/viphadathaimassage.com\/wp-content\/uploads\/2024\/07\/\u0e19\u0e32\u0e21\u0e1a\u0e31\u0e155.png\" alt=\"\u0e19\u0e32\u0e21\u0e1a\u0e31\u0e155\"  \/><\/div><\/div><\/div>\t\t<\/div>\n\t\t\t\t<\/div>\n\t\t\t\t<\/div>\n\t\t<div class=\"elementor-element elementor-element-975ae5d e-flex e-con-boxed e-con e-parent\" data-id=\"975ae5d\" data-element_type=\"container\">\n\t\t\t\t\t<div class=\"e-con-inner\">\n\t\t\t\t<div class=\"elementor-element elementor-element-8b1dda1 elementor-widget elementor-widget-rasmsectiontitle\" data-id=\"8b1dda1\" data-element_type=\"widget\" data-widget_type=\"rasmsectiontitle.default\">\n\t\t\t\t<div class=\"elementor-widget-container\">\n\t\t\t<div class=\"title-area\" ><span class=\"sub-title subtitle-selector\">Preisliste<\/span><img decoding=\"async\" src=\"https:\/\/viphadathaimassage.com\/wp-content\/uploads\/2024\/07\/title_shape_1.png\" alt=\"title_shape_1\"  class=\"icon\" \/><h2 class=\"sec-title title-selector\">Das ultimative Spa-Erlebnis VIPHADA<\/h2><\/div>\t\t<\/div>\n\t\t\t\t<\/div>\n\t\t\t\t\t<\/div>\n\t\t\t\t<\/div>\n\t\t\t\t<section class=\"elementor-section elementor-top-section elementor-element elementor-element-fc35ae9 elementor-section-full_width elementor-section-height-default elementor-section-height-default\" data-id=\"fc35ae9\" data-element_type=\"section\" data-settings=\"{&quot;background_background&quot;:&quot;classic&quot;}\">\n\t\t\t\t\t\t<div class=\"elementor-container elementor-column-gap-no\">\n\t\t\t\t\t<div class=\"elementor-column elementor-col-100 elementor-top-column elementor-element elementor-element-a5e9dec\" data-id=\"a5e9dec\" data-element_type=\"column\">\n\t\t\t<div class=\"elementor-widget-wrap elementor-element-populated\">\n\t\t\t\t\t\t<section class=\"elementor-section elementor-inner-section elementor-element elementor-element-fa3eac5 elementor-section-boxed elementor-section-height-default elementor-section-height-default\" data-id=\"fa3eac5\" data-element_type=\"section\">\n\t\t\t\t\t\t<div class=\"elementor-container elementor-column-gap-no\">\n\t\t\t\t\t<div class=\"elementor-column elementor-col-50 elementor-inner-column elementor-element elementor-element-f5885b9\" data-id=\"f5885b9\" data-element_type=\"column\">\n\t\t\t<div class=\"elementor-widget-wrap elementor-element-populated\">\n\t\t\t\t\t\t<div class=\"elementor-element elementor-element-dd3beb9 elementor-widget elementor-widget-rasmsectiontitle\" data-id=\"dd3beb9\" data-element_type=\"widget\" data-widget_type=\"rasmsectiontitle.default\">\n\t\t\t\t<div class=\"elementor-widget-container\">\n\t\t\t<div class=\"title-area\" ><span class=\"sub-title subtitle-selector\">Einen Termin machen<img decoding=\"async\" src=\"https:\/\/themeholy.com\/wordpress\/rasm\/wp-content\/uploads\/2023\/07\/title_right2.svg\" alt=\"title_right2\"  class=\"icon\" \/><\/span><h2 class=\"sec-title title-selector\">Erleben Sie die Magie unserer Massage-Styling<\/h2><\/div>\t\t<\/div>\n\t\t\t\t<\/div>\n\t\t\t\t<div class=\"elementor-element elementor-element-0a615d0 elementor-widget elementor-widget-spacer\" data-id=\"0a615d0\" data-element_type=\"widget\" data-widget_type=\"spacer.default\">\n\t\t\t\t<div class=\"elementor-widget-container\">\n\t\t\t<style>\/*! elementor - v3.22.0 - 26-06-2024 *\/\n.elementor-column .elementor-spacer-inner{height:var(--spacer-size)}.e-con{--container-widget-width:100%}.e-con-inner>.elementor-widget-spacer,.e-con>.elementor-widget-spacer{width:var(--container-widget-width,var(--spacer-size));--align-self:var(--container-widget-align-self,initial);--flex-shrink:0}.e-con-inner>.elementor-widget-spacer>.elementor-widget-container,.e-con>.elementor-widget-spacer>.elementor-widget-container{height:100%;width:100%}.e-con-inner>.elementor-widget-spacer>.elementor-widget-container>.elementor-spacer,.e-con>.elementor-widget-spacer>.elementor-widget-container>.elementor-spacer{height:100%}.e-con-inner>.elementor-widget-spacer>.elementor-widget-container>.elementor-spacer>.elementor-spacer-inner,.e-con>.elementor-widget-spacer>.elementor-widget-container>.elementor-spacer>.elementor-spacer-inner{height:var(--container-widget-height,var(--spacer-size))}.e-con-inner>.elementor-widget-spacer.elementor-widget-empty,.e-con>.elementor-widget-spacer.elementor-widget-empty{position:relative;min-height:22px;min-width:22px}.e-con-inner>.elementor-widget-spacer.elementor-widget-empty .elementor-widget-empty-icon,.e-con>.elementor-widget-spacer.elementor-widget-empty .elementor-widget-empty-icon{position:absolute;top:0;bottom:0;left:0;right:0;margin:auto;padding:0;width:22px;height:22px}<\/style>\t\t<div class=\"elementor-spacer\">\n\t\t\t<div class=\"elementor-spacer-inner\"><\/div>\n\t\t<\/div>\n\t\t\t\t<\/div>\n\t\t\t\t<\/div>\n\t\t\t\t<div class=\"elementor-element elementor-element-19d93aa elementor-widget elementor-widget-text-editor\" data-id=\"19d93aa\" data-element_type=\"widget\" data-widget_type=\"text-editor.default\">\n\t\t\t\t<div class=\"elementor-widget-container\">\n\t\t\t<style>\/*! elementor - v3.22.0 - 26-06-2024 *\/\n.elementor-widget-text-editor.elementor-drop-cap-view-stacked .elementor-drop-cap{background-color:#69727d;color:#fff}.elementor-widget-text-editor.elementor-drop-cap-view-framed .elementor-drop-cap{color:#69727d;border:3px solid;background-color:transparent}.elementor-widget-text-editor:not(.elementor-drop-cap-view-default) .elementor-drop-cap{margin-top:8px}.elementor-widget-text-editor:not(.elementor-drop-cap-view-default) .elementor-drop-cap-letter{width:1em;height:1em}.elementor-widget-text-editor .elementor-drop-cap{float:left;text-align:center;line-height:1;font-size:50px}.elementor-widget-text-editor .elementor-drop-cap-letter{display:inline-block}<\/style>\t\t\t\t<div class=\"appointment-work text-center text-lg-start\"><h4 class=\"work-title\">Arbeitszeit:<\/h4><p>Wir sind bestrebt, positive Ergebnisse zu liefern und sicherzustellen, dass Ihre Gesundheit zu einem einzigartigen und sch\u00f6nen Ausdruck Ihrer Pers\u00f6nlichkeit f\u00fchrt.<\/p><ul class=\"working-list\"><li><strong>Mo.-Sa.10:00-19:00 Uhr<\/strong><\/li><li><strong>SonntagGeschlossen<\/strong><\/li><\/ul><\/div>\t\t\t\t\t\t<\/div>\n\t\t\t\t<\/div>\n\t\t\t\t\t<\/div>\n\t\t<\/div>\n\t\t\t\t<div class=\"elementor-column elementor-col-50 elementor-inner-column elementor-element elementor-element-f37dbc1\" data-id=\"f37dbc1\" data-element_type=\"column\">\n\t\t\t<div class=\"elementor-widget-wrap elementor-element-populated\">\n\t\t\t\t\t\t<div class=\"elementor-element elementor-element-f4ba4ba elementor-widget elementor-widget-wpforms\" data-id=\"f4ba4ba\" data-element_type=\"widget\" data-widget_type=\"wpforms.default\">\n\t\t\t\t<div class=\"elementor-widget-container\">\n\t\t\t<style id=\"wpforms-css-vars-root\">\n\t\t\t\t:root {\n\t\t\t\t\t--wpforms-field-border-radius: 3px;\n--wpforms-field-border-style: solid;\n--wpforms-field-border-size: 1px;\n--wpforms-field-background-color: #ffffff;\n--wpforms-field-border-color: rgba( 0, 0, 0, 0.25 );\n--wpforms-field-border-color-spare: rgba( 0, 0, 0, 0.25 );\n--wpforms-field-text-color: rgba( 0, 0, 0, 0.7 );\n--wpforms-field-menu-color: #ffffff;\n--wpforms-label-color: rgba( 0, 0, 0, 0.85 );\n--wpforms-label-sublabel-color: rgba( 0, 0, 0, 0.55 );\n--wpforms-label-error-color: #d63637;\n--wpforms-button-border-radius: 3px;\n--wpforms-button-border-style: none;\n--wpforms-button-border-size: 1px;\n--wpforms-button-background-color: #066aab;\n--wpforms-button-border-color: #066aab;\n--wpforms-button-text-color: #ffffff;\n--wpforms-page-break-color: #066aab;\n--wpforms-background-image: none;\n--wpforms-background-position: center center;\n--wpforms-background-repeat: no-repeat;\n--wpforms-background-size: cover;\n--wpforms-background-width: 100px;\n--wpforms-background-height: 100px;\n--wpforms-background-color: rgba( 0, 0, 0, 0 );\n--wpforms-background-url: none;\n--wpforms-container-padding: 0px;\n--wpforms-container-border-style: none;\n--wpforms-container-border-width: 1px;\n--wpforms-container-border-color: #000000;\n--wpforms-container-border-radius: 3px;\n--wpforms-field-size-input-height: 43px;\n--wpforms-field-size-input-spacing: 15px;\n--wpforms-field-size-font-size: 16px;\n--wpforms-field-size-line-height: 19px;\n--wpforms-field-size-padding-h: 14px;\n--wpforms-field-size-checkbox-size: 16px;\n--wpforms-field-size-sublabel-spacing: 5px;\n--wpforms-field-size-icon-size: 1;\n--wpforms-label-size-font-size: 16px;\n--wpforms-label-size-line-height: 19px;\n--wpforms-label-size-sublabel-font-size: 14px;\n--wpforms-label-size-sublabel-line-height: 17px;\n--wpforms-button-size-font-size: 17px;\n--wpforms-button-size-height: 41px;\n--wpforms-button-size-padding-h: 15px;\n--wpforms-button-size-margin-top: 10px;\n--wpforms-container-shadow-size-box-shadow: none;\n\n\t\t\t\t}\n\t\t\t<\/style><style id=\"wpforms-css-vars-elementor-widget-f4ba4ba\">\n\t\t\t\t.elementor-widget-wpforms.elementor-element-f4ba4ba {\n\t\t\t\t\t--wpforms-field-background-color: #FFFFFF;\n--wpforms-field-border-color: #FFFFFF;\n--wpforms-field-border-color-spare: #FFFFFF;\n--wpforms-field-text-color: #000000;\n--wpforms-button-background-color: #853293;\n--wpforms-field-size-input-height: 50px;\n--wpforms-field-size-input-spacing: 20px;\n--wpforms-field-size-font-size: 18px;\n--wpforms-field-size-line-height: 21px;\n--wpforms-field-size-padding-h: 14px;\n--wpforms-field-size-checkbox-size: 18px;\n--wpforms-field-size-sublabel-spacing: 10px;\n--wpforms-field-size-icon-size: 1.25;\n--wpforms-label-size-font-size: 16px;\n--wpforms-label-size-line-height: 19px;\n--wpforms-label-size-sublabel-font-size: 14px;\n--wpforms-label-size-sublabel-line-height: 17px;\n--wpforms-button-size-font-size: 17px;\n--wpforms-button-size-height: 41px;\n--wpforms-button-size-padding-h: 15px;\n--wpforms-button-size-margin-top: 10px;\n\n\t\t\t\t}\n\t\t\t<\/style><div class=\"wpforms-container wpforms-container-full wpforms-render-modern\" id=\"wpforms-3843\"><form id=\"wpforms-form-3843\" class=\"wpforms-validate wpforms-form wpforms-ajax-form\" data-formid=\"3843\" method=\"post\" enctype=\"multipart\/form-data\" action=\"\/index.php?rest_route=%2Fwp%2Fv2%2Fpages%2F1721\" data-token=\"d0408b968dfbb41dbbad3cfc9bb79105\" data-token-time=\"1777651842\"><noscript class=\"wpforms-error-noscript\">Please enable JavaScript in your browser to complete this form.<\/noscript><div class=\"wpforms-hidden\" id=\"wpforms-error-noscript\">Please enable JavaScript in your browser to complete this form.<\/div><div class=\"wpforms-field-container\"><div id=\"wpforms-3843-field_1-container\" class=\"wpforms-field wpforms-field-name\" data-field-id=\"1\"><fieldset><legend class=\"wpforms-field-label wpforms-label-hide\" aria-hidden=\"false\">Name <span class=\"wpforms-required-label\" aria-hidden=\"true\">*<\/span><\/legend><div class=\"wpforms-field-row wpforms-field-large\"><div class=\"wpforms-field-row-block wpforms-first wpforms-one-half\"><input type=\"text\" id=\"wpforms-3843-field_1\" class=\"wpforms-field-name-first wpforms-field-required\" name=\"wpforms[fields][1][first]\" placeholder=\"Name\" aria-errormessage=\"wpforms-3843-field_1-error\" required><label for=\"wpforms-3843-field_1\" class=\"wpforms-field-sublabel after wpforms-sublabel-hide\">First<\/label><\/div><div class=\"wpforms-field-row-block wpforms-one-half\"><input type=\"text\" id=\"wpforms-3843-field_1-last\" class=\"wpforms-field-name-last wpforms-field-required\" name=\"wpforms[fields][1][last]\" placeholder=\"Nachname\" aria-errormessage=\"wpforms-3843-field_1-last-error\" required><label for=\"wpforms-3843-field_1-last\" class=\"wpforms-field-sublabel after wpforms-sublabel-hide\">Last<\/label><\/div><\/div><\/fieldset><\/div><div id=\"wpforms-3843-field_6-container\" class=\"wpforms-field wpforms-field-email\" data-field-id=\"6\"><label class=\"wpforms-field-label wpforms-label-hide\" for=\"wpforms-3843-field_6\" aria-hidden=\"false\">Email <span class=\"wpforms-required-label\" aria-hidden=\"true\">*<\/span><\/label><input type=\"email\" id=\"wpforms-3843-field_6\" class=\"wpforms-field-large wpforms-field-required\" name=\"wpforms[fields][6]\" placeholder=\"Email\" spellcheck=\"false\" aria-errormessage=\"wpforms-3843-field_6-error\" required><\/div><div id=\"wpforms-3843-field_7-container\" class=\"wpforms-field wpforms-field-phone\" data-field-id=\"7\"><label class=\"wpforms-field-label wpforms-label-hide\" for=\"wpforms-3843-field_7\" aria-hidden=\"false\">Telefonnummer<\/label><input type=\"tel\" id=\"wpforms-3843-field_7\" class=\"wpforms-field-large\" data-rule-int-phone-field=\"true\" name=\"wpforms[fields][7]\" placeholder=\"Telefonnummer\" aria-errormessage=\"wpforms-3843-field_7-error\" ><\/div><div id=\"wpforms-3843-field_8-container\" class=\"wpforms-field wpforms-field-select wpforms-field-select-style-classic\" data-field-id=\"8\"><label class=\"wpforms-field-label wpforms-label-hide\" for=\"wpforms-3843-field_8\" aria-hidden=\"false\">Massageartikel<\/label><select id=\"wpforms-3843-field_8\" class=\"wpforms-field-large\" name=\"wpforms[fields][8]\"><option value=\"\" class=\"placeholder\" disabled  selected='selected'>Massageartikel<\/option><option value=\"Nacken - und Schultermassage\" >Nacken - und Schultermassage<\/option><option value=\"Kompressionsmassage\" >Kompressionsmassage<\/option><option value=\"K\u00f6rpermassage\" >K\u00f6rpermassage<\/option><option value=\"\u00d6l Massage\" >\u00d6l Massage<\/option><\/select><\/div><div id=\"wpforms-3843-field_9-container\" class=\"wpforms-field wpforms-field-date-time\" data-field-id=\"9\"><fieldset><legend class=\"wpforms-field-label wpforms-label-hide\" aria-hidden=\"false\">Datum und Uhrzeit<\/legend><div class=\"wpforms-field-row wpforms-field-large\"><div class=\"wpforms-field-row-block wpforms-date-type-datepicker\"><div class=\"wpforms-datepicker-wrap\"><input type=\"text\" id=\"wpforms-3843-field_9\" class=\"wpforms-field-date-time-date wpforms-datepicker\" data-date-format=\"d\/m\/Y\" data-disable-past-dates=\"0\" data-input=\"true\" name=\"wpforms[fields][9][date]\" placeholder=\"Datum\" aria-errormessage=\"wpforms-3843-field_9-error\" ><a title=\"Clear Date\" data-clear class=\"wpforms-datepicker-clear\" style=\"display:none;\"><\/a><\/div><label for=\"wpforms-3843-field_9\" class=\"wpforms-field-sublabel after wpforms-sublabel-hide\">Date<\/label><\/div><div class=\"wpforms-field-row-block\"><input type=\"text\" id=\"wpforms-3843-field_9-time\" class=\"wpforms-field-date-time-time wpforms-timepicker\" data-time-format=\"H:i\" data-step=\"60\" data-rule-time24h=\"true\" data-min-time=\"09:00\" data-max-time=\"19:00\" data-rule-time-limit=\"true\" name=\"wpforms[fields][9][time]\" placeholder=\"Uhrzeit\" aria-errormessage=\"wpforms-3843-field_9-time-error\" ><label for=\"wpforms-3843-field_9-time\" class=\"wpforms-field-sublabel after wpforms-sublabel-hide\">Time<\/label><\/div><\/div><\/fieldset><\/div><div id=\"wpforms-3843-field_12-container\" class=\"wpforms-field wpforms-field-select wpforms-field-select-style-classic\" data-field-id=\"12\"><label class=\"wpforms-field-label\" for=\"wpforms-3843-field_12\">Anzahl der Stunden<\/label><select id=\"wpforms-3843-field_12\" class=\"wpforms-field-medium\" name=\"wpforms[fields][12]\"><option value=\"30 Minute\" >30 Minute<\/option><option value=\"45 Minute\" >45 Minute<\/option><option value=\"60 Minute\" >60 Minute<\/option><option value=\"90 Minute\" >90 Minute<\/option><option value=\"120 Minute\" >120 Minute<\/option><\/select><\/div><div id=\"wpforms-3843-field_13-container\" class=\"wpforms-field wpforms-field-select wpforms-field-select-style-classic\" data-field-id=\"13\"><label class=\"wpforms-field-label\" for=\"wpforms-3843-field_13\">Typ <span class=\"wpforms-required-label\" aria-hidden=\"true\">*<\/span><\/label><select id=\"wpforms-3843-field_13\" class=\"wpforms-field-medium wpforms-field-required\" name=\"wpforms[fields][13]\" required=\"required\"><option value=\"1 Pers.\" >1 Pers.<\/option><option value=\"2 Personen.\" >2 Personen.<\/option><\/select><\/div><\/div><!-- .wpforms-field-container --><div class=\"wpforms-submit-container\" ><input type=\"hidden\" name=\"wpforms[id]\" value=\"3843\"><input type=\"hidden\" name=\"page_title\" value=\"\"><input type=\"hidden\" name=\"page_url\" value=\"https:\/\/viphadathaimassage.com\/index.php?rest_route=%2Fwp%2Fv2%2Fpages%2F1721\"><button type=\"submit\" name=\"wpforms[submit]\" id=\"wpforms-submit-3843\" class=\"wpforms-submit\" data-alt-text=\"Sending...\" data-submit-text=\"EINEN TERMIN MACHEN\" aria-live=\"assertive\" value=\"wpforms-submit\">EINEN TERMIN MACHEN<\/button><img decoding=\"async\" src=\"https:\/\/viphadathaimassage.com\/wp-content\/plugins\/wpforms\/assets\/images\/submit-spin.svg\" class=\"wpforms-submit-spinner\" style=\"display: none;\" width=\"26\" height=\"26\" alt=\"Loading\"><\/div><\/form><\/div>  <!-- .wpforms-container -->\t\t<\/div>\n\t\t\t\t<\/div>\n\t\t\t\t\t<\/div>\n\t\t<\/div>\n\t\t\t\t\t<\/div>\n\t\t<\/section>\n\t\t\t\t\t<\/div>\n\t\t<\/div>\n\t\t\t\t\t<\/div>\n\t\t<\/section>\n\t\t\t\t<\/div>\n\t\t","protected":false},"excerpt":{"rendered":"<p>Nacken &#8211; und Schultermassage Es handelt sich um eine Massage zur Linderung von Verspannungen in Schultern, Nacken und Kopf. Kompressionsmassage Dabei werden mit den Fingern Bereiche des menschlichen K\u00f6rpers gedr\u00fcckt und massiert. K\u00f6rpermassage Massieren Sie den gesamten K\u00f6rper von Kopf bis Fu\u00df. ohne es konkret zu spezifizieren \u00d6l Massage \u00d6l Massage Die Verwendung von \u00d6l&#8230;<\/p>\n","protected":false},"author":1,"featured_media":0,"parent":0,"menu_order":0,"comment_status":"closed","ping_status":"closed","template":"template-builder.php","meta":{"_monsterinsights_skip_tracking":false,"_monsterinsights_sitenote_active":false,"_monsterinsights_sitenote_note":"","_monsterinsights_sitenote_category":0,"footnotes":""},"class_list":["post-1721","page","type-page","status-publish","hentry"],"aioseo_notices":[],"_links":{"self":[{"href":"https:\/\/viphadathaimassage.com\/index.php?rest_route=\/wp\/v2\/pages\/1721","targetHints":{"allow":["GET"]}}],"collection":[{"href":"https:\/\/viphadathaimassage.com\/index.php?rest_route=\/wp\/v2\/pages"}],"about":[{"href":"https:\/\/viphadathaimassage.com\/index.php?rest_route=\/wp\/v2\/types\/page"}],"author":[{"embeddable":true,"href":"https:\/\/viphadathaimassage.com\/index.php?rest_route=\/wp\/v2\/users\/1"}],"replies":[{"embeddable":true,"href":"https:\/\/viphadathaimassage.com\/index.php?rest_route=%2Fwp%2Fv2%2Fcomments&post=1721"}],"version-history":[{"count":33,"href":"https:\/\/viphadathaimassage.com\/index.php?rest_route=\/wp\/v2\/pages\/1721\/revisions"}],"predecessor-version":[{"id":3973,"href":"https:\/\/viphadathaimassage.com\/index.php?rest_route=\/wp\/v2\/pages\/1721\/revisions\/3973"}],"wp:attachment":[{"href":"https:\/\/viphadathaimassage.com\/index.php?rest_route=%2Fwp%2Fv2%2Fmedia&parent=1721"}],"curies":[{"name":"wp","href":"https:\/\/api.w.org\/{rel}","templated":true}]}}