{"id":19,"date":"2023-07-14T00:12:36","date_gmt":"2023-07-14T00:12:36","guid":{"rendered":"https:\/\/themeholy.com\/wordpress\/rasm\/?page_id=19"},"modified":"2024-07-07T02:30:02","modified_gmt":"2024-07-07T02:30:02","slug":"contact","status":"publish","type":"page","link":"https:\/\/viphadathaimassage.com\/?page_id=19","title":{"rendered":"Kontakt"},"content":{"rendered":"\t\t<div data-elementor-type=\"wp-page\" data-elementor-id=\"19\" class=\"elementor elementor-19\">\n\t\t\t\t\t\t<section class=\"elementor-section elementor-top-section elementor-element elementor-element-0a42698 elementor-section-full_width elementor-section-height-default elementor-section-height-default\" data-id=\"0a42698\" data-element_type=\"section\">\n\t\t\t\t\t\t<div class=\"elementor-container elementor-column-gap-no\">\n\t\t\t\t\t<div class=\"elementor-column elementor-col-100 elementor-top-column elementor-element elementor-element-ea92326\" data-id=\"ea92326\" data-element_type=\"column\">\n\t\t\t<div class=\"elementor-widget-wrap elementor-element-populated\">\n\t\t\t\t\t\t<section class=\"elementor-section elementor-inner-section elementor-element elementor-element-135ebb3 elementor-section-boxed elementor-section-height-default elementor-section-height-default\" data-id=\"135ebb3\" data-element_type=\"section\">\n\t\t\t\t\t\t<div class=\"elementor-container elementor-column-gap-no\">\n\t\t\t\t\t<div class=\"elementor-column elementor-col-50 elementor-inner-column elementor-element elementor-element-c0b5c30\" data-id=\"c0b5c30\" data-element_type=\"column\">\n\t\t\t<div class=\"elementor-widget-wrap elementor-element-populated\">\n\t\t\t\t\t\t<div class=\"elementor-element elementor-element-e0f8b44 elementor-widget elementor-widget-rasmcontactinfov2\" data-id=\"e0f8b44\" data-element_type=\"widget\" data-widget_type=\"rasmcontactinfov2.default\">\n\t\t\t\t<div class=\"elementor-widget-container\">\n\t\t\t<div class=\"contact-info-wrap me-xl-4\"><div class=\"title-area mb-20\"><h3 class=\"sec-title\">Unsere Kontaktinformationen<\/h3><p>Haben Sie eine Anfrage oder Feedback f\u00fcr uns?<\/p><\/div><div class=\"contact-info\"><div class=\"contact-info_icon\"><i class=\"fa-light fa-location-dot\"><\/i><\/div><div class=\"media-body\"><h3 class=\"box-title\">Unsere Adresse<\/h3><span class=\"contact-info_text\">Portnerstra\u00dfe.3\n86365 Neus\u00e4\u00df<\/span><\/div><\/div><div class=\"contact-info\"><div class=\"contact-info_icon\"><i class=\"fa-light fa-phone\"><\/i><\/div><div class=\"media-body\"><h3 class=\"box-title\">Telefonnummer<\/h3><span class=\"contact-info_text\"> Mobile:<a href=\"tel:082174781994\"> 082174781994 <\/a><\/span><span class=\"contact-info_text\">Email:   <a href=\"mailto:viphada.thaimassage@gmail.com\"> viphada.thaimassage@gmail.com<\/a><\/span><\/div><\/div><div class=\"contact-info\"><div class=\"contact-info_icon\"><i class=\"fa-light fa-clock\"><\/i><\/div><div class=\"media-body\"><h3 class=\"box-title\">\u00d6ffnungszeiten<\/h3><span class=\"contact-info_text\">Mo.-Sa.10:00-19:00 Uhr<\/span><\/div><\/div><\/div>\t\t<\/div>\n\t\t\t\t<\/div>\n\t\t\t\t\t<\/div>\n\t\t<\/div>\n\t\t\t\t<div class=\"elementor-column elementor-col-50 elementor-inner-column elementor-element elementor-element-048418a\" data-id=\"048418a\" data-element_type=\"column\">\n\t\t\t<div class=\"elementor-widget-wrap elementor-element-populated\">\n\t\t\t\t\t\t<div class=\"elementor-element elementor-element-b3ffc06 elementor-widget elementor-widget-google_maps\" data-id=\"b3ffc06\" data-element_type=\"widget\" data-widget_type=\"google_maps.default\">\n\t\t\t\t<div class=\"elementor-widget-container\">\n\t\t\t<style>\/*! elementor - v3.22.0 - 26-06-2024 *\/\n.elementor-widget-google_maps .elementor-widget-container{overflow:hidden}.elementor-widget-google_maps .elementor-custom-embed{line-height:0}.elementor-widget-google_maps iframe{height:300px}<\/style>\t\t<div class=\"elementor-custom-embed\">\n\t\t\t<iframe loading=\"lazy\"\n\t\t\t\t\tsrc=\"https:\/\/maps.google.com\/maps?q=Portnerstra%C3%9Fe%203%2C%2086356%20Neus%C3%A4%C3%9F%2C%20%E0%B9%80%E0%B8%A2%E0%B8%AD%E0%B8%A3%E0%B8%A1%E0%B8%99%E0%B8%B5&#038;t=m&#038;z=16&#038;output=embed&#038;iwloc=near\"\n\t\t\t\t\ttitle=\"Portnerstra\u00dfe 3, 86356 Neus\u00e4\u00df, \u0e40\u0e22\u0e2d\u0e23\u0e21\u0e19\u0e35\"\n\t\t\t\t\taria-label=\"Portnerstra\u00dfe 3, 86356 Neus\u00e4\u00df, \u0e40\u0e22\u0e2d\u0e23\u0e21\u0e19\u0e35\"\n\t\t\t><\/iframe>\n\t\t<\/div>\n\t\t\t\t<\/div>\n\t\t\t\t<\/div>\n\t\t\t\t\t<\/div>\n\t\t<\/div>\n\t\t\t\t\t<\/div>\n\t\t<\/section>\n\t\t\t\t\t<\/div>\n\t\t<\/div>\n\t\t\t\t\t<\/div>\n\t\t<\/section>\n\t\t<div class=\"elementor-element elementor-element-aaa049b e-flex e-con-boxed e-con e-parent\" data-id=\"aaa049b\" data-element_type=\"container\">\n\t\t\t\t\t<div class=\"e-con-inner\">\n\t\t\t\t\t<\/div>\n\t\t\t\t<\/div>\n\t\t\t\t<\/div>\n\t\t","protected":false},"excerpt":{"rendered":"<p>Unsere Kontaktinformationen Haben Sie eine Anfrage oder Feedback f\u00fcr uns? Unsere Adresse Portnerstra\u00dfe.3 86365 Neus\u00e4\u00df Telefonnummer Mobile: 082174781994 Email: viphada.thaimassage@gmail.com \u00d6ffnungszeiten Mo.-Sa.10:00-19:00 Uhr<\/p>\n","protected":false},"author":1,"featured_media":0,"parent":0,"menu_order":0,"comment_status":"closed","ping_status":"closed","template":"template-builder.php","meta":{"_monsterinsights_skip_tracking":false,"_monsterinsights_sitenote_active":false,"_monsterinsights_sitenote_note":"","_monsterinsights_sitenote_category":0,"footnotes":""},"class_list":["post-19","page","type-page","status-publish","hentry"],"aioseo_notices":[],"_links":{"self":[{"href":"https:\/\/viphadathaimassage.com\/index.php?rest_route=\/wp\/v2\/pages\/19","targetHints":{"allow":["GET"]}}],"collection":[{"href":"https:\/\/viphadathaimassage.com\/index.php?rest_route=\/wp\/v2\/pages"}],"about":[{"href":"https:\/\/viphadathaimassage.com\/index.php?rest_route=\/wp\/v2\/types\/page"}],"author":[{"embeddable":true,"href":"https:\/\/viphadathaimassage.com\/index.php?rest_route=\/wp\/v2\/users\/1"}],"replies":[{"embeddable":true,"href":"https:\/\/viphadathaimassage.com\/index.php?rest_route=%2Fwp%2Fv2%2Fcomments&post=19"}],"version-history":[{"count":13,"href":"https:\/\/viphadathaimassage.com\/index.php?rest_route=\/wp\/v2\/pages\/19\/revisions"}],"predecessor-version":[{"id":3881,"href":"https:\/\/viphadathaimassage.com\/index.php?rest_route=\/wp\/v2\/pages\/19\/revisions\/3881"}],"wp:attachment":[{"href":"https:\/\/viphadathaimassage.com\/index.php?rest_route=%2Fwp%2Fv2%2Fmedia&parent=19"}],"curies":[{"name":"wp","href":"https:\/\/api.w.org\/{rel}","templated":true}]}}